{"id":478,"date":"2022-10-03T21:38:28","date_gmt":"2022-10-03T19:38:28","guid":{"rendered":"http:\/\/wptest.secida.com\/?page_id=478"},"modified":"2022-10-11T13:30:52","modified_gmt":"2022-10-11T11:30:52","slug":"whitepapers-2023","status":"publish","type":"page","link":"https:\/\/www.secida.com\/en\/whitepapers-2023\/","title":{"rendered":"Whitepapers (2023)"},"content":{"rendered":"<div data-elementor-type=\"wp-page\" data-elementor-id=\"478\" class=\"elementor elementor-478\" data-elementor-post-type=\"page\">\n\t\t\t\t\t\t<section class=\"elementor-section elementor-top-section elementor-element elementor-element-8d7b26d elementor-section-full_width elementor-section-height-min-height elementor-section-height-default elementor-section-items-middle\" data-id=\"8d7b26d\" data-element_type=\"section\" data-settings=\"{&quot;background_background&quot;:&quot;classic&quot;}\">\n\t\t\t\t\t\t\t<div class=\"elementor-background-overlay\"><\/div>\n\t\t\t\t\t\t\t<div class=\"elementor-container elementor-column-gap-default\">\n\t\t\t\t\t<div class=\"elementor-column elementor-col-100 elementor-top-column elementor-element elementor-element-2b9b88c\" data-id=\"2b9b88c\" data-element_type=\"column\">\n\t\t\t<div class=\"elementor-widget-wrap elementor-element-populated\">\n\t\t\t\t\t\t<div class=\"elementor-element elementor-element-67bb058 elementor-widget__width-auto elementor-widget elementor-widget-heading\" data-id=\"67bb058\" data-element_type=\"widget\" data-widget_type=\"heading.default\">\n\t\t\t\t<div class=\"elementor-widget-container\">\n\t\t\t\t\t<h2 class=\"elementor-heading-title elementor-size-default\">Whitepapers (2023)<\/h2>\t\t\t\t<\/div>\n\t\t\t\t<\/div>\n\t\t\t\t\t<\/div>\n\t\t<\/div>\n\t\t\t\t\t<\/div>\n\t\t<\/section>\n\t\t\t\t<section class=\"elementor-section elementor-top-section elementor-element elementor-element-bd8adbe elementor-section-boxed elementor-section-height-default elementor-section-height-default\" data-id=\"bd8adbe\" data-element_type=\"section\">\n\t\t\t\t\t\t<div class=\"elementor-container elementor-column-gap-default\">\n\t\t\t\t\t<div class=\"elementor-column elementor-col-100 elementor-top-column elementor-element elementor-element-0dffb6a\" data-id=\"0dffb6a\" data-element_type=\"column\">\n\t\t\t<div class=\"elementor-widget-wrap elementor-element-populated\">\n\t\t\t\t\t\t<section class=\"elementor-section elementor-inner-section elementor-element elementor-element-b6d3b80 elementor-section-boxed elementor-section-height-default elementor-section-height-default\" data-id=\"b6d3b80\" data-element_type=\"section\">\n\t\t\t\t\t\t<div class=\"elementor-container elementor-column-gap-default\">\n\t\t\t\t\t<div class=\"elementor-column elementor-col-100 elementor-inner-column elementor-element elementor-element-525c6dd\" data-id=\"525c6dd\" data-element_type=\"column\">\n\t\t\t<div class=\"elementor-widget-wrap elementor-element-populated\">\n\t\t\t\t\t\t<div class=\"elementor-element elementor-element-bc0e3ab elementor-widget__width-auto elementor-widget elementor-widget-heading\" data-id=\"bc0e3ab\" data-element_type=\"widget\" data-widget_type=\"heading.default\">\n\t\t\t\t<div class=\"elementor-widget-container\">\n\t\t\t\t\t<span class=\"elementor-heading-title elementor-size-default\">Secida AG<\/span>\t\t\t\t<\/div>\n\t\t\t\t<\/div>\n\t\t\t\t<div class=\"elementor-element elementor-element-35199db elementor-widget elementor-widget-heading\" data-id=\"35199db\" data-element_type=\"widget\" data-widget_type=\"heading.default\">\n\t\t\t\t<div class=\"elementor-widget-container\">\n\t\t\t\t\t<span class=\"elementor-heading-title elementor-size-default\">Whitepapers (2023)<\/span>\t\t\t\t<\/div>\n\t\t\t\t<\/div>\n\t\t\t\t\t<\/div>\n\t\t<\/div>\n\t\t\t\t\t<\/div>\n\t\t<\/section>\n\t\t\t\t<section class=\"elementor-section elementor-inner-section elementor-element elementor-element-c1d5109 elementor-section-boxed elementor-section-height-default elementor-section-height-default\" data-id=\"c1d5109\" data-element_type=\"section\">\n\t\t\t\t\t\t<div class=\"elementor-container elementor-column-gap-default\">\n\t\t\t\t\t<div class=\"elementor-column elementor-col-100 elementor-inner-column elementor-element elementor-element-073647e\" data-id=\"073647e\" data-element_type=\"column\">\n\t\t\t<div class=\"elementor-widget-wrap elementor-element-populated\">\n\t\t\t\t\t\t<div class=\"elementor-element elementor-element-bc4afef elementor-grid-3 elementor-grid-tablet-2 elementor-grid-mobile-1 elementor-posts--thumbnail-top elementor-card-shadow-yes elementor-posts__hover-gradient elementor-widget elementor-widget-posts\" data-id=\"bc4afef\" data-element_type=\"widget\" data-settings=\"{&quot;cards_columns&quot;:&quot;3&quot;,&quot;cards_columns_tablet&quot;:&quot;2&quot;,&quot;cards_columns_mobile&quot;:&quot;1&quot;,&quot;cards_row_gap&quot;:{&quot;unit&quot;:&quot;px&quot;,&quot;size&quot;:35,&quot;sizes&quot;:[]},&quot;cards_row_gap_tablet&quot;:{&quot;unit&quot;:&quot;px&quot;,&quot;size&quot;:&quot;&quot;,&quot;sizes&quot;:[]},&quot;cards_row_gap_mobile&quot;:{&quot;unit&quot;:&quot;px&quot;,&quot;size&quot;:&quot;&quot;,&quot;sizes&quot;:[]}}\" data-widget_type=\"posts.cards\">\n\t\t\t\t<div class=\"elementor-widget-container\">\n\t\t\t\t\t\t\t<div class=\"elementor-posts-container elementor-posts elementor-posts--skin-cards elementor-grid\">\n\t\t\t\t<article class=\"elementor-post elementor-grid-item post-3837 post type-post status-publish format-standard has-post-thumbnail hentry category-newsletter\">\n\t\t\t<div class=\"elementor-post__card\">\n\t\t\t\t<a class=\"elementor-post__thumbnail__link\" href=\"https:\/\/www.secida.com\/en\/secida-im-september-2\/\" tabindex=\"-1\" ><div class=\"elementor-post__thumbnail\"><img fetchpriority=\"high\" decoding=\"async\" width=\"300\" height=\"200\" src=\"https:\/\/www.secida.com\/wp-content\/uploads\/2024\/08\/NewsBlogs-Korrekte-Groesse-15-300x200.png\" class=\"attachment-medium size-medium wp-image-3701\" alt=\"\" srcset=\"https:\/\/www.secida.com\/wp-content\/uploads\/2024\/08\/NewsBlogs-Korrekte-Groesse-15-300x200.png 300w, https:\/\/www.secida.com\/wp-content\/uploads\/2024\/08\/NewsBlogs-Korrekte-Groesse-15-1024x683.png 1024w, https:\/\/www.secida.com\/wp-content\/uploads\/2024\/08\/NewsBlogs-Korrekte-Groesse-15-768x512.png 768w, https:\/\/www.secida.com\/wp-content\/uploads\/2024\/08\/NewsBlogs-Korrekte-Groesse-15-1536x1024.png 1536w, https:\/\/www.secida.com\/wp-content\/uploads\/2024\/08\/NewsBlogs-Korrekte-Groesse-15-18x12.png 18w, https:\/\/www.secida.com\/wp-content\/uploads\/2024\/08\/NewsBlogs-Korrekte-Groesse-15.png 1642w\" sizes=\"(max-width: 300px) 100vw, 300px\" \/><\/div><\/a>\n\t\t\t\t<div class=\"elementor-post__badge\">Newsletter<\/div>\n\t\t\t\t<div class=\"elementor-post__text\">\n\t\t\t\t<h3 class=\"elementor-post__title\">\n\t\t\t<a href=\"https:\/\/www.secida.com\/en\/secida-im-september-2\/\" >\n\t\t\t\tsecida im September\t\t\t<\/a>\n\t\t<\/h3>\n\t\t\t\t<div class=\"elementor-post__excerpt\">\n\t\t\t<p>Wie immer mit interessanten Aktivit\u00e4ten im September, dem Link zum Livestream und vielem mehr.<\/p>\n\t\t<\/div>\n\t\t\n\t\t<a class=\"elementor-post__read-more\" href=\"https:\/\/www.secida.com\/en\/secida-im-september-2\/\" aria-label=\"Read more about secida im September\" tabindex=\"-1\" >\n\t\t\tRead More \u00bb\t\t<\/a>\n\n\t\t\t\t<\/div>\n\t\t\t\t<div class=\"elementor-post__meta-data\">\n\t\t\t\t\t<span class=\"elementor-post-date\">\n\t\t\t11. September 2024\t\t<\/span>\n\t\t\t\t<span class=\"elementor-post-avatar\">\n\t\t\tNo Comments\t\t<\/span>\n\t\t\t\t<\/div>\n\t\t\t\t\t<\/div>\n\t\t<\/article>\n\t\t\t\t<article class=\"elementor-post elementor-grid-item post-3832 post type-post status-publish format-standard has-post-thumbnail hentry category-allgemein\">\n\t\t\t<div class=\"elementor-post__card\">\n\t\t\t\t<a class=\"elementor-post__thumbnail__link\" href=\"https:\/\/www.secida.com\/en\/cybersicherheits-notfallkonzept\/\" tabindex=\"-1\" ><div class=\"elementor-post__thumbnail\"><img decoding=\"async\" width=\"300\" height=\"200\" src=\"https:\/\/www.secida.com\/wp-content\/uploads\/2024\/09\/NewsBlogs-Korrekte-Groesse-16-300x200.png\" class=\"attachment-medium size-medium wp-image-3833\" alt=\"\" srcset=\"https:\/\/www.secida.com\/wp-content\/uploads\/2024\/09\/NewsBlogs-Korrekte-Groesse-16-300x200.png 300w, https:\/\/www.secida.com\/wp-content\/uploads\/2024\/09\/NewsBlogs-Korrekte-Groesse-16-1024x683.png 1024w, https:\/\/www.secida.com\/wp-content\/uploads\/2024\/09\/NewsBlogs-Korrekte-Groesse-16-768x512.png 768w, https:\/\/www.secida.com\/wp-content\/uploads\/2024\/09\/NewsBlogs-Korrekte-Groesse-16-1536x1024.png 1536w, https:\/\/www.secida.com\/wp-content\/uploads\/2024\/09\/NewsBlogs-Korrekte-Groesse-16-18x12.png 18w, https:\/\/www.secida.com\/wp-content\/uploads\/2024\/09\/NewsBlogs-Korrekte-Groesse-16.png 1642w\" sizes=\"(max-width: 300px) 100vw, 300px\" \/><\/div><\/a>\n\t\t\t\t<div class=\"elementor-post__badge\">Allgemein<\/div>\n\t\t\t\t<div class=\"elementor-post__text\">\n\t\t\t\t<h3 class=\"elementor-post__title\">\n\t\t\t<a href=\"https:\/\/www.secida.com\/en\/cybersicherheits-notfallkonzept\/\" >\n\t\t\t\tNotfallkonzept\t\t\t<\/a>\n\t\t<\/h3>\n\t\t\t\t<div class=\"elementor-post__excerpt\">\n\t\t\t<p>Ohne welche L\u00f6sungen ist der Weiterbestand des Unternehmens kaum oder gar nicht mehr m\u00f6glich?<\/p>\n\t\t<\/div>\n\t\t\n\t\t<a class=\"elementor-post__read-more\" href=\"https:\/\/www.secida.com\/en\/cybersicherheits-notfallkonzept\/\" aria-label=\"Read more about Notfallkonzept\" tabindex=\"-1\" >\n\t\t\tRead More \u00bb\t\t<\/a>\n\n\t\t\t\t<\/div>\n\t\t\t\t<div class=\"elementor-post__meta-data\">\n\t\t\t\t\t<span class=\"elementor-post-date\">\n\t\t\t4. September 2024\t\t<\/span>\n\t\t\t\t<span class=\"elementor-post-avatar\">\n\t\t\tNo Comments\t\t<\/span>\n\t\t\t\t<\/div>\n\t\t\t\t\t<\/div>\n\t\t<\/article>\n\t\t\t\t<article class=\"elementor-post elementor-grid-item post-3700 post type-post status-publish format-standard has-post-thumbnail hentry category-newsletter\">\n\t\t\t<div class=\"elementor-post__card\">\n\t\t\t\t<a class=\"elementor-post__thumbnail__link\" href=\"https:\/\/www.secida.com\/en\/secida-im-august\/\" tabindex=\"-1\" ><div class=\"elementor-post__thumbnail\"><img fetchpriority=\"high\" decoding=\"async\" width=\"300\" height=\"200\" src=\"https:\/\/www.secida.com\/wp-content\/uploads\/2024\/08\/NewsBlogs-Korrekte-Groesse-15-300x200.png\" class=\"attachment-medium size-medium wp-image-3701\" alt=\"\" srcset=\"https:\/\/www.secida.com\/wp-content\/uploads\/2024\/08\/NewsBlogs-Korrekte-Groesse-15-300x200.png 300w, https:\/\/www.secida.com\/wp-content\/uploads\/2024\/08\/NewsBlogs-Korrekte-Groesse-15-1024x683.png 1024w, https:\/\/www.secida.com\/wp-content\/uploads\/2024\/08\/NewsBlogs-Korrekte-Groesse-15-768x512.png 768w, https:\/\/www.secida.com\/wp-content\/uploads\/2024\/08\/NewsBlogs-Korrekte-Groesse-15-1536x1024.png 1536w, https:\/\/www.secida.com\/wp-content\/uploads\/2024\/08\/NewsBlogs-Korrekte-Groesse-15-18x12.png 18w, https:\/\/www.secida.com\/wp-content\/uploads\/2024\/08\/NewsBlogs-Korrekte-Groesse-15.png 1642w\" sizes=\"(max-width: 300px) 100vw, 300px\" \/><\/div><\/a>\n\t\t\t\t<div class=\"elementor-post__badge\">Newsletter<\/div>\n\t\t\t\t<div class=\"elementor-post__text\">\n\t\t\t\t<h3 class=\"elementor-post__title\">\n\t\t\t<a href=\"https:\/\/www.secida.com\/en\/secida-im-august\/\" >\n\t\t\t\tsecida im August\t\t\t<\/a>\n\t\t<\/h3>\n\t\t\t\t<div class=\"elementor-post__excerpt\">\n\t\t\t<p>Wie immer mit interessanten Aktivit\u00e4ten im August, dem Link zum Livestream und vielem mehr.<\/p>\n\t\t<\/div>\n\t\t\n\t\t<a class=\"elementor-post__read-more\" href=\"https:\/\/www.secida.com\/en\/secida-im-august\/\" aria-label=\"Read more about secida im August\" tabindex=\"-1\" >\n\t\t\tRead More \u00bb\t\t<\/a>\n\n\t\t\t\t<\/div>\n\t\t\t\t<div class=\"elementor-post__meta-data\">\n\t\t\t\t\t<span class=\"elementor-post-date\">\n\t\t\t20. August 2024\t\t<\/span>\n\t\t\t\t<span class=\"elementor-post-avatar\">\n\t\t\tNo Comments\t\t<\/span>\n\t\t\t\t<\/div>\n\t\t\t\t\t<\/div>\n\t\t<\/article>\n\t\t\t\t<article class=\"elementor-post elementor-grid-item post-3692 post type-post status-publish format-standard has-post-thumbnail hentry category-allgemein\">\n\t\t\t<div class=\"elementor-post__card\">\n\t\t\t\t<a class=\"elementor-post__thumbnail__link\" href=\"https:\/\/www.secida.com\/en\/expertenwissen-fuer-entscheider\/\" tabindex=\"-1\" ><div class=\"elementor-post__thumbnail\"><img decoding=\"async\" width=\"300\" height=\"200\" src=\"https:\/\/www.secida.com\/wp-content\/uploads\/2024\/08\/NewsBlogs-Korrekte-Groesse-14-300x200.png\" class=\"attachment-medium size-medium wp-image-3693\" alt=\"\" srcset=\"https:\/\/www.secida.com\/wp-content\/uploads\/2024\/08\/NewsBlogs-Korrekte-Groesse-14-300x200.png 300w, https:\/\/www.secida.com\/wp-content\/uploads\/2024\/08\/NewsBlogs-Korrekte-Groesse-14-1024x683.png 1024w, https:\/\/www.secida.com\/wp-content\/uploads\/2024\/08\/NewsBlogs-Korrekte-Groesse-14-768x512.png 768w, https:\/\/www.secida.com\/wp-content\/uploads\/2024\/08\/NewsBlogs-Korrekte-Groesse-14-1536x1024.png 1536w, https:\/\/www.secida.com\/wp-content\/uploads\/2024\/08\/NewsBlogs-Korrekte-Groesse-14-18x12.png 18w, https:\/\/www.secida.com\/wp-content\/uploads\/2024\/08\/NewsBlogs-Korrekte-Groesse-14.png 1642w\" sizes=\"(max-width: 300px) 100vw, 300px\" \/><\/div><\/a>\n\t\t\t\t<div class=\"elementor-post__badge\">Allgemein<\/div>\n\t\t\t\t<div class=\"elementor-post__text\">\n\t\t\t\t<h3 class=\"elementor-post__title\">\n\t\t\t<a href=\"https:\/\/www.secida.com\/en\/expertenwissen-fuer-entscheider\/\" >\n\t\t\t\tCyberKlartext\t\t\t<\/a>\n\t\t<\/h3>\n\t\t\t\t<div class=\"elementor-post__excerpt\">\n\t\t\t<p>Jana Bodenstedt: L\u00f6sungsans\u00e4tze f\u00fcr den Cyber-Fachkr\u00e4ftemangel<br \/>\nDo, 29. Aug. 2024, Live auf LinkedIn<\/p>\n\t\t<\/div>\n\t\t\n\t\t<a class=\"elementor-post__read-more\" href=\"https:\/\/www.secida.com\/en\/expertenwissen-fuer-entscheider\/\" aria-label=\"Read more about CyberKlartext\" tabindex=\"-1\" >\n\t\t\tRead More \u00bb\t\t<\/a>\n\n\t\t\t\t<\/div>\n\t\t\t\t<div class=\"elementor-post__meta-data\">\n\t\t\t\t\t<span class=\"elementor-post-date\">\n\t\t\t20. August 2024\t\t<\/span>\n\t\t\t\t<span class=\"elementor-post-avatar\">\n\t\t\tNo Comments\t\t<\/span>\n\t\t\t\t<\/div>\n\t\t\t\t\t<\/div>\n\t\t<\/article>\n\t\t\t\t<article class=\"elementor-post elementor-grid-item post-3658 post type-post status-publish format-standard has-post-thumbnail hentry category-newsletter\">\n\t\t\t<div class=\"elementor-post__card\">\n\t\t\t\t<a class=\"elementor-post__thumbnail__link\" href=\"https:\/\/www.secida.com\/en\/secida-im-juli\/\" tabindex=\"-1\" ><div class=\"elementor-post__thumbnail\"><img fetchpriority=\"high\" decoding=\"async\" width=\"300\" height=\"200\" src=\"https:\/\/www.secida.com\/wp-content\/uploads\/2024\/08\/NewsBlogs-Korrekte-Groesse-15-300x200.png\" class=\"attachment-medium size-medium wp-image-3701\" alt=\"\" srcset=\"https:\/\/www.secida.com\/wp-content\/uploads\/2024\/08\/NewsBlogs-Korrekte-Groesse-15-300x200.png 300w, https:\/\/www.secida.com\/wp-content\/uploads\/2024\/08\/NewsBlogs-Korrekte-Groesse-15-1024x683.png 1024w, https:\/\/www.secida.com\/wp-content\/uploads\/2024\/08\/NewsBlogs-Korrekte-Groesse-15-768x512.png 768w, https:\/\/www.secida.com\/wp-content\/uploads\/2024\/08\/NewsBlogs-Korrekte-Groesse-15-1536x1024.png 1536w, https:\/\/www.secida.com\/wp-content\/uploads\/2024\/08\/NewsBlogs-Korrekte-Groesse-15-18x12.png 18w, https:\/\/www.secida.com\/wp-content\/uploads\/2024\/08\/NewsBlogs-Korrekte-Groesse-15.png 1642w\" sizes=\"(max-width: 300px) 100vw, 300px\" \/><\/div><\/a>\n\t\t\t\t<div class=\"elementor-post__badge\">Newsletter<\/div>\n\t\t\t\t<div class=\"elementor-post__text\">\n\t\t\t\t<h3 class=\"elementor-post__title\">\n\t\t\t<a href=\"https:\/\/www.secida.com\/en\/secida-im-juli\/\" >\n\t\t\t\tsecida im Juli\t\t\t<\/a>\n\t\t<\/h3>\n\t\t\t\t<div class=\"elementor-post__excerpt\">\n\t\t\t<p>Wie immer mit interessanten Aktivit\u00e4ten im Juli, dem Link zum Livestream und vielem mehr.<\/p>\n\t\t<\/div>\n\t\t\n\t\t<a class=\"elementor-post__read-more\" href=\"https:\/\/www.secida.com\/en\/secida-im-juli\/\" aria-label=\"Read more about secida im Juli\" tabindex=\"-1\" >\n\t\t\tRead More \u00bb\t\t<\/a>\n\n\t\t\t\t<\/div>\n\t\t\t\t<div class=\"elementor-post__meta-data\">\n\t\t\t\t\t<span class=\"elementor-post-date\">\n\t\t\t18. July 2024\t\t<\/span>\n\t\t\t\t<span class=\"elementor-post-avatar\">\n\t\t\tNo Comments\t\t<\/span>\n\t\t\t\t<\/div>\n\t\t\t\t\t<\/div>\n\t\t<\/article>\n\t\t\t\t<article class=\"elementor-post elementor-grid-item post-3652 post type-post status-publish format-standard has-post-thumbnail hentry category-allgemein\">\n\t\t\t<div class=\"elementor-post__card\">\n\t\t\t\t<a class=\"elementor-post__thumbnail__link\" href=\"https:\/\/www.secida.com\/en\/hacker-statt-sonne\/\" tabindex=\"-1\" ><div class=\"elementor-post__thumbnail\"><img loading=\"lazy\" decoding=\"async\" width=\"300\" height=\"200\" src=\"https:\/\/www.secida.com\/wp-content\/uploads\/2024\/07\/NewsBlogs-Korrekte-Groesse-13-300x200.png\" class=\"attachment-medium size-medium wp-image-3653\" alt=\"\" srcset=\"https:\/\/www.secida.com\/wp-content\/uploads\/2024\/07\/NewsBlogs-Korrekte-Groesse-13-300x200.png 300w, https:\/\/www.secida.com\/wp-content\/uploads\/2024\/07\/NewsBlogs-Korrekte-Groesse-13-1024x683.png 1024w, https:\/\/www.secida.com\/wp-content\/uploads\/2024\/07\/NewsBlogs-Korrekte-Groesse-13-768x512.png 768w, https:\/\/www.secida.com\/wp-content\/uploads\/2024\/07\/NewsBlogs-Korrekte-Groesse-13-1536x1024.png 1536w, https:\/\/www.secida.com\/wp-content\/uploads\/2024\/07\/NewsBlogs-Korrekte-Groesse-13-18x12.png 18w, https:\/\/www.secida.com\/wp-content\/uploads\/2024\/07\/NewsBlogs-Korrekte-Groesse-13.png 1642w\" sizes=\"(max-width: 300px) 100vw, 300px\" \/><\/div><\/a>\n\t\t\t\t<div class=\"elementor-post__badge\">Allgemein<\/div>\n\t\t\t\t<div class=\"elementor-post__text\">\n\t\t\t\t<h3 class=\"elementor-post__title\">\n\t\t\t<a href=\"https:\/\/www.secida.com\/en\/hacker-statt-sonne\/\" >\n\t\t\t\tHacker statt Sonne?\t\t\t<\/a>\n\t\t<\/h3>\n\t\t\t\t<div class=\"elementor-post__excerpt\">\n\t\t\t<p>Sommerzeit hei\u00dft Hochkonjunktur f\u00fcr Hacker! <\/p>\n\t\t<\/div>\n\t\t\n\t\t<a class=\"elementor-post__read-more\" href=\"https:\/\/www.secida.com\/en\/hacker-statt-sonne\/\" aria-label=\"Read more about Hacker statt Sonne?\" tabindex=\"-1\" >\n\t\t\tRead More \u00bb\t\t<\/a>\n\n\t\t\t\t<\/div>\n\t\t\t\t<div class=\"elementor-post__meta-data\">\n\t\t\t\t\t<span class=\"elementor-post-date\">\n\t\t\t26. June 2024\t\t<\/span>\n\t\t\t\t<span class=\"elementor-post-avatar\">\n\t\t\tNo Comments\t\t<\/span>\n\t\t\t\t<\/div>\n\t\t\t\t\t<\/div>\n\t\t<\/article>\n\t\t\t\t<\/div>\n\t\t\n\t\t\t\t\t\t<\/div>\n\t\t\t\t<\/div>\n\t\t\t\t\t<\/div>\n\t\t<\/div>\n\t\t\t\t\t<\/div>\n\t\t<\/section>\n\t\t\t\t\t<\/div>\n\t\t<\/div>\n\t\t\t\t\t<\/div>\n\t\t<\/section>\n\t\t\t\t<\/div>","protected":false},"excerpt":{"rendered":"<p>Whitepapers (2023) Secida AG Whitepapers (2023)<\/p>","protected":false},"author":1,"featured_media":0,"parent":0,"menu_order":0,"comment_status":"closed","ping_status":"closed","template":"elementor_header_footer","meta":{"site-sidebar-layout":"no-sidebar","site-content-layout":"page-builder","ast-site-content-layout":"","site-content-style":"default","site-sidebar-style":"default","ast-global-header-display":"","ast-banner-title-visibility":"","ast-main-header-display":"","ast-hfb-above-header-display":"","ast-hfb-below-header-display":"","ast-hfb-mobile-header-display":"","site-post-title":"disabled","ast-breadcrumbs-content":"","ast-featured-img":"disabled","footer-sml-layout":"","theme-transparent-header-meta":"","adv-header-id-meta":"","stick-header-meta":"","header-above-stick-meta":"","header-main-stick-meta":"","header-below-stick-meta":"","astra-migrate-meta-layouts":"default","ast-page-background-enabled":"default","ast-page-background-meta":{"desktop":{"background-color":"var(--ast-global-color-4)","background-image":"","background-repeat":"repeat","background-position":"center center","background-size":"auto","background-attachment":"scroll","background-type":"","background-media":"","overlay-type":"","overlay-color":"","overlay-opacity":"","overlay-gradient":""},"tablet":{"background-color":"","background-image":"","background-repeat":"repeat","background-position":"center center","background-size":"auto","background-attachment":"scroll","background-type":"","background-media":"","overlay-type":"","overlay-color":"","overlay-opacity":"","overlay-gradient":""},"mobile":{"background-color":"","background-image":"","background-repeat":"repeat","background-position":"center center","background-size":"auto","background-attachment":"scroll","background-type":"","background-media":"","overlay-type":"","overlay-color":"","overlay-opacity":"","overlay-gradient":""}},"ast-content-background-meta":{"desktop":{"background-color":"var(--ast-global-color-5)","background-image":"","background-repeat":"repeat","background-position":"center center","background-size":"auto","background-attachment":"scroll","background-type":"","background-media":"","overlay-type":"","overlay-color":"","overlay-opacity":"","overlay-gradient":""},"tablet":{"background-color":"var(--ast-global-color-5)","background-image":"","background-repeat":"repeat","background-position":"center center","background-size":"auto","background-attachment":"scroll","background-type":"","background-media":"","overlay-type":"","overlay-color":"","overlay-opacity":"","overlay-gradient":""},"mobile":{"background-color":"var(--ast-global-color-5)","background-image":"","background-repeat":"repeat","background-position":"center center","background-size":"auto","background-attachment":"scroll","background-type":"","background-media":"","overlay-type":"","overlay-color":"","overlay-opacity":"","overlay-gradient":""}},"footnotes":""},"class_list":["post-478","page","type-page","status-publish","hentry"],"_links":{"self":[{"href":"https:\/\/www.secida.com\/en\/wp-json\/wp\/v2\/pages\/478","targetHints":{"allow":["GET"]}}],"collection":[{"href":"https:\/\/www.secida.com\/en\/wp-json\/wp\/v2\/pages"}],"about":[{"href":"https:\/\/www.secida.com\/en\/wp-json\/wp\/v2\/types\/page"}],"author":[{"embeddable":true,"href":"https:\/\/www.secida.com\/en\/wp-json\/wp\/v2\/users\/1"}],"replies":[{"embeddable":true,"href":"https:\/\/www.secida.com\/en\/wp-json\/wp\/v2\/comments?post=478"}],"version-history":[{"count":28,"href":"https:\/\/www.secida.com\/en\/wp-json\/wp\/v2\/pages\/478\/revisions"}],"predecessor-version":[{"id":1375,"href":"https:\/\/www.secida.com\/en\/wp-json\/wp\/v2\/pages\/478\/revisions\/1375"}],"wp:attachment":[{"href":"https:\/\/www.secida.com\/en\/wp-json\/wp\/v2\/media?parent=478"}],"curies":[{"name":"wp","href":"https:\/\/api.w.org\/{rel}","templated":true}]}}